{"id":243,"date":"2021-07-27T11:23:14","date_gmt":"2021-07-27T11:23:14","guid":{"rendered":"https:\/\/www.fundacionfade.org\/mujeresconectadas\/?page_id=243"},"modified":"2023-03-21T10:16:50","modified_gmt":"2023-03-21T10:16:50","slug":"listado-de-tradiciones","status":"publish","type":"page","link":"https:\/\/www.fundacionfade.org\/mujeresconectadas\/listado-de-tradiciones\/","title":{"rendered":"Listado de Tradiciones"},"content":{"rendered":"<p>[et_pb_section fb_built=\u00bb1&#8243; admin_label=\u00bbAbout\u00bb _builder_version=\u00bb4.8.2&#8243; _module_preset=\u00bbdefault\u00bb global_colors_info=\u00bb{}\u00bb][et_pb_row _builder_version=\u00bb4.9.7&#8243; _module_preset=\u00bbdefault\u00bb global_colors_info=\u00bb{}\u00bb][et_pb_column type=\u00bb4_4&#8243; _builder_version=\u00bb4.9.7&#8243; _module_preset=\u00bbdefault\u00bb custom_padding=\u00bb||||false|false\u00bb custom_padding_tablet=\u00bb0vw||5vw||false|false\u00bb custom_padding_phone=\u00bb\u00bb custom_padding_last_edited=\u00bbon|desktop\u00bb global_colors_info=\u00bb{}\u00bb][et_pb_image src=\u00bbhttps:\/\/www.fundacionfade.org\/mujeresconectadas\/wp-content\/uploads\/2021\/07\/cabecera-listado-tradiciones.png\u00bb title_text=\u00bbcabecera-listado-tradiciones\u00bb _builder_version=\u00bb4.9.7&#8243; _module_preset=\u00bbdefault\u00bb global_colors_info=\u00bb{}\u00bb][\/et_pb_image][et_pb_text _builder_version=\u00bb4.9.7&#8243; _module_preset=\u00bbd5dbb5d4-7ec7-4306-b6c5-1435f277faf4&#8243; text_font=\u00bbLato||||||||\u00bb header_font=\u00bbCandal||||||||\u00bb header_text_color=\u00bb#000000&#8243; header_font_size=\u00bb60px\u00bb header_line_height=\u00bb1.2em\u00bb custom_margin=\u00bb||16px||false|false\u00bb header_font_size_tablet=\u00bb36px\u00bb header_font_size_phone=\u00bb24px\u00bb header_font_size_last_edited=\u00bbon|phone\u00bb locked=\u00bboff\u00bb global_colors_info=\u00bb{}\u00bb]<\/p>\n<h1 style=\"font-family: lato;\"><span style=\"color: #e5057f;\">Concurso Culturas Conectadas<\/span><\/h1>\n<p>[\/et_pb_text][et_pb_text _builder_version=\u00bb4.9.7&#8243; _module_preset=\u00bb85ec5774-0b51-4075-9641-4e0e2e6ea9dd\u00bb text_font=\u00bbLato|500|||||||\u00bb text_text_color=\u00bbrgba(0,0,0,0.6)\u00bb text_font_size=\u00bb16px\u00bb text_line_height=\u00bb1.8em\u00bb text_font_size_tablet=\u00bb15px\u00bb text_font_size_phone=\u00bb14px\u00bb text_font_size_last_edited=\u00bbon|desktop\u00bb global_colors_info=\u00bb{}\u00bb]<\/p>\n<h2><strong>Listado de las Tradiciones recibidas hasta la fecha<\/strong><\/h2>\n<p>[\/et_pb_text][\/et_pb_column][\/et_pb_row][et_pb_row column_structure=\u00bb1_2,1_2&#8243; _builder_version=\u00bb4.9.7&#8243; _module_preset=\u00bbdefault\u00bb global_colors_info=\u00bb{}\u00bb][et_pb_column type=\u00bb1_2&#8243; _builder_version=\u00bb4.9.7&#8243; _module_preset=\u00bbdefault\u00bb global_colors_info=\u00bb{}\u00bb][et_pb_text ol_position=\u00bboutside\u00bb _builder_version=\u00bb4.10.5&#8243; _module_preset=\u00bb85ec5774-0b51-4075-9641-4e0e2e6ea9dd\u00bb text_font=\u00bbLato||||||||\u00bb text_text_color=\u00bb#000000&#8243; text_font_size=\u00bb16px\u00bb text_line_height=\u00bb1.8em\u00bb ol_text_align=\u00bbleft\u00bb ol_font_size=\u00bb22px\u00bb custom_padding=\u00bb14px|||25px|false|false\u00bb link_option_url=\u00bbhttps:\/\/www.fundacionfade.org\/mujeresconectadas\/wp-content\/uploads\/2021\/07\/2021_07_21_FICHA-Tradiciones-Semana-Santa-Mujeres-Conectadas.pdf\u00bb link_option_url_new_window=\u00bbon\u00bb text_font_size_tablet=\u00bb15px\u00bb text_font_size_phone=\u00bb14px\u00bb text_font_size_last_edited=\u00bbon|desktop\u00bb custom_css_main_element=\u00bbline-height: 30px;||color: #e50a81;||\u00bb global_colors_info=\u00bb{}\u00bb]<\/p>\n<ol style=\"line-height: 1.7em;\">\n<li style=\"color: #e50a81; line-height: 1.7em;\"><a href=\"https:\/\/www.fundacionfade.org\/mujeresconectadas\/wp-content\/uploads\/2021\/07\/2021_07_21_FICHA-Tradiciones-Semana-Santa-Mujeres-Conectadas.pdf\" style=\"color: #555;\" target=\"_blank\" rel=\"noopener\">Viernes Santo en Murcia<\/a> (Espa\u00f1a)<\/li>\n<li style=\"color: #e50a81; line-height: 1.7em;\"><a href=\"https:\/\/www.fundacionfade.org\/mujeresconectadas\/wp-content\/uploads\/2021\/12\/tradicion-entierro-de-la-sardina.pdf\" style=\"color: #555;\" target=\"_blank\" rel=\"noopener\">Entierro de la Sardina de Murcia<\/a> (Espa\u00f1a)<\/li>\n<li style=\"color: #e50a81; line-height: 1.7em;\"><a href=\"https:\/\/www.fundacionfade.org\/mujeresconectadas\/wp-content\/uploads\/2021\/12\/tradicion-palo-encebado.pdf\" style=\"color: #555;\" target=\"_blank\" rel=\"noopener\">Palo encebado de Santa Cruz y Beni<\/a> (Bolivia)<\/li>\n<li style=\"color: #e50a81; line-height: 1.7em;\"><a href=\"https:\/\/www.fundacionfade.org\/mujeresconectadas\/wp-content\/uploads\/2021\/12\/tradicion-villancicos-y-gaitas-zulianas.pdf\" style=\"color: #555;\" target=\"_blank\" rel=\"noopener\">Villancicos y Gaitas Zulianas<\/a> (Venezuela)<\/li>\n<li style=\"color: #e50a81; line-height: 1.7em;\"><a href=\"https:\/\/www.fundacionfade.org\/mujeresconectadas\/wp-content\/uploads\/2021\/12\/tradicion-moros-y-cristianos.pdf\" style=\"color: #555;\" target=\"_blank\" rel=\"noopener\">Moros y Cristianos<\/a> (Espa\u00f1a)<\/li>\n<li style=\"color: #e50a81; line-height: 1.7em;\"><a href=\"https:\/\/www.fundacionfade.org\/mujeresconectadas\/wp-content\/uploads\/2021\/12\/tradicion-bando-de-la-huerta.pdf\" style=\"color: #555;\" target=\"_blank\" rel=\"noopener\">Bando de la Huerta<\/a> (Murcia-Espa\u00f1a)<\/li>\n<li style=\"color: #e50a81; line-height: 1.7em;\"><a href=\"https:\/\/www.fundacionfade.org\/mujeresconectadas\/wp-content\/uploads\/2021\/12\/tradicion-bando-de-la-huerta-2.pdf\" style=\"color: #555;\" target=\"_blank\" rel=\"noopener\">Bando de la Huerta (2)<\/a> (Murcia-Espa\u00f1a)<\/li>\n<li style=\"color: #e50a81; line-height: 1.7em;\"><\/li>\n<\/ol>\n<p>[\/et_pb_text][\/et_pb_column][et_pb_column type=\u00bb1_2&#8243; _builder_version=\u00bb4.9.7&#8243; _module_preset=\u00bbdefault\u00bb global_colors_info=\u00bb{}\u00bb][et_pb_image src=\u00bbhttps:\/\/www.fundacionfade.org\/mujeresconectadas\/wp-content\/uploads\/2021\/07\/foto-4.jpg\u00bb title_text=\u00bbfoto-4&#8243; _builder_version=\u00bb4.9.7&#8243; _module_preset=\u00bbdefault\u00bb custom_margin=\u00bb|-10vw|||false|false\u00bb global_colors_info=\u00bb{}\u00bb][\/et_pb_image][\/et_pb_column][\/et_pb_row][\/et_pb_section]<\/p>\n","protected":false},"excerpt":{"rendered":"<p>Concurso Culturas ConectadasListado de las Tradiciones recibidas hasta la fecha Viernes Santo en Murcia (Espa\u00f1a) Entierro de la Sardina de Murcia (Espa\u00f1a) Palo encebado de Santa Cruz y Beni (Bolivia) Villancicos y Gaitas Zulianas (Venezuela) Moros y Cristianos (Espa\u00f1a) Bando de la Huerta (Murcia-Espa\u00f1a) Bando de la Huerta (2) (Murcia-Espa\u00f1a)<\/p>\n","protected":false},"author":1,"featured_media":0,"parent":0,"menu_order":0,"comment_status":"closed","ping_status":"closed","template":"","meta":{"_et_pb_use_builder":"on","_et_pb_old_content":"","_et_gb_content_width":"","footnotes":""},"class_list":["post-243","page","type-page","status-publish","hentry"],"_links":{"self":[{"href":"https:\/\/www.fundacionfade.org\/mujeresconectadas\/wp-json\/wp\/v2\/pages\/243","targetHints":{"allow":["GET"]}}],"collection":[{"href":"https:\/\/www.fundacionfade.org\/mujeresconectadas\/wp-json\/wp\/v2\/pages"}],"about":[{"href":"https:\/\/www.fundacionfade.org\/mujeresconectadas\/wp-json\/wp\/v2\/types\/page"}],"author":[{"embeddable":true,"href":"https:\/\/www.fundacionfade.org\/mujeresconectadas\/wp-json\/wp\/v2\/users\/1"}],"replies":[{"embeddable":true,"href":"https:\/\/www.fundacionfade.org\/mujeresconectadas\/wp-json\/wp\/v2\/comments?post=243"}],"version-history":[{"count":9,"href":"https:\/\/www.fundacionfade.org\/mujeresconectadas\/wp-json\/wp\/v2\/pages\/243\/revisions"}],"predecessor-version":[{"id":640,"href":"https:\/\/www.fundacionfade.org\/mujeresconectadas\/wp-json\/wp\/v2\/pages\/243\/revisions\/640"}],"wp:attachment":[{"href":"https:\/\/www.fundacionfade.org\/mujeresconectadas\/wp-json\/wp\/v2\/media?parent=243"}],"curies":[{"name":"wp","href":"https:\/\/api.w.org\/{rel}","templated":true}]}}