{"id":390,"date":"2021-09-28T08:52:47","date_gmt":"2021-09-28T08:52:47","guid":{"rendered":"https:\/\/www.fundacionfade.org\/mujeresconectadas\/?page_id=390"},"modified":"2022-11-02T10:21:19","modified_gmt":"2022-11-02T10:21:19","slug":"videos","status":"publish","type":"page","link":"https:\/\/www.fundacionfade.org\/mujeresconectadas\/videos\/","title":{"rendered":"Videos"},"content":{"rendered":"<p>[et_pb_section fb_built=\u00bb1&#8243; admin_label=\u00bbAbout\u00bb _builder_version=\u00bb4.10.5&#8243; _module_preset=\u00bbdefault\u00bb global_colors_info=\u00bb{}\u00bb][et_pb_row _builder_version=\u00bb4.9.7&#8243; _module_preset=\u00bbdefault\u00bb global_colors_info=\u00bb{}\u00bb][et_pb_column type=\u00bb4_4&#8243; _builder_version=\u00bb4.9.7&#8243; _module_preset=\u00bbdefault\u00bb custom_padding=\u00bb||||false|false\u00bb custom_padding_tablet=\u00bb0vw||5vw||false|false\u00bb custom_padding_phone=\u00bb\u00bb custom_padding_last_edited=\u00bbon|desktop\u00bb global_colors_info=\u00bb{}\u00bb][et_pb_image src=\u00bbhttps:\/\/www.fundacionfade.org\/mujeresconectadas\/wp-content\/uploads\/2021\/09\/cabecera-videos.png\u00bb title_text=\u00bbcabecera-videos\u00bb _builder_version=\u00bb4.10.5&#8243; _module_preset=\u00bbdefault\u00bb global_colors_info=\u00bb{}\u00bb][\/et_pb_image][et_pb_text _builder_version=\u00bb4.10.5&#8243; _module_preset=\u00bbdefault\u00bb global_colors_info=\u00bb{}\u00bb]<\/p>\n<h3><span style=\"line-height: 1.4; color: #333333;\">En nuestros v\u00eddeos sobre \u201c<strong>Recursos digitales para la b\u00fasqueda de empleo<\/strong>\u201d te mostramos c\u00f3mo dar tus primeros pasos en Internet, gestionar una cuenta de correo o presentar una candidatura espont\u00e1nea para conseguir trabajo.<\/span><\/h3>\n<p>[\/et_pb_text][\/et_pb_column][\/et_pb_row][et_pb_row _builder_version=\u00bb4.10.5&#8243; _module_preset=\u00bbdefault\u00bb global_colors_info=\u00bb{}\u00bb][et_pb_column type=\u00bb4_4&#8243; _builder_version=\u00bb4.10.5&#8243; _module_preset=\u00bbdefault\u00bb global_colors_info=\u00bb{}\u00bb][et_pb_text _builder_version=\u00bb4.14.7&#8243; _module_preset=\u00bbdefault\u00bb hover_enabled=\u00bb0&#8243; global_colors_info=\u00bb{}\u00bb custom_padding=\u00bb||8px|||\u00bb sticky_enabled=\u00bb0&#8243;]<\/p>\n<h4><span>En este video, aprender\u00e1s la c\u00f3mo crear y personalizar tu <strong>Curriculum Vitae (CV) con Microsoft Word<\/strong> y conocer\u00e1s algunos consejos b\u00e1sicos para aumentar tus opciones de <strong>empleabilidad. <\/strong>(Parte I)<\/span><\/h4>\n<p>[\/et_pb_text][et_pb_video _builder_version=\u00bb4.14.7&#8243; _module_preset=\u00bbdefault\u00bb hover_enabled=\u00bb0&#8243; global_colors_info=\u00bb{}\u00bb src_last_edited=\u00bbon|desktop\u00bb src_webm_tablet=\u00bb\u00bb src_webm_phone=\u00bb\u00bb src_webm_last_edited=\u00bbon|desktop\u00bb src__hover_enabled=\u00bbon|desktop\u00bb src=\u00bbhttps:\/\/www.youtube.com\/watch?v=fhplg573SXg&#038;t=2s\u00bb sticky_enabled=\u00bb0&#8243; src_tablet=\u00bbhttps:\/\/www.youtube.com\/watch?v=fhplg573SXg&#038;t=2s\u00bb src_phone=\u00bbhttps:\/\/www.youtube.com\/watch?v=fhplg573SXg&#038;t=2s\u00bb src__hover=\u00bbhttps:\/\/www.youtube.com\/watch?v=fhplg573SXg&#038;t=2s\u00bb][\/et_pb_video][et_pb_divider _builder_version=\u00bb4.10.5&#8243; _module_preset=\u00bbdefault\u00bb global_colors_info=\u00bb{}\u00bb][\/et_pb_divider][\/et_pb_column][\/et_pb_row][et_pb_row _builder_version=\u00bb4.14.7&#8243; _module_preset=\u00bbdefault\u00bb hover_enabled=\u00bb0&#8243; global_colors_info=\u00bb{}\u00bb sticky_enabled=\u00bb0&#8243;][et_pb_column type=\u00bb4_4&#8243; _builder_version=\u00bb4.10.5&#8243; _module_preset=\u00bbdefault\u00bb global_colors_info=\u00bb{}\u00bb][et_pb_text _builder_version=\u00bb4.14.7&#8243; _module_preset=\u00bbdefault\u00bb hover_enabled=\u00bb0&#8243; global_colors_info=\u00bb{}\u00bb custom_padding=\u00bb||8px|||\u00bb sticky_enabled=\u00bb0&#8243;]<\/p>\n<h4><span>En este video, aprender\u00e1s la c\u00f3mo crear y personalizar tu <strong>Curriculum Vitae (CV) con Microsoft Word<\/strong> y conocer\u00e1s algunos consejos b\u00e1sicos para aumentar tus opciones de <strong>empleabilidad. <\/strong>(Parte II)<\/span><\/h4>\n<p>[\/et_pb_text][et_pb_video _builder_version=\u00bb4.14.7&#8243; _module_preset=\u00bbdefault\u00bb hover_enabled=\u00bb0&#8243; global_colors_info=\u00bb{}\u00bb src_last_edited=\u00bbon|desktop\u00bb src_webm_last_edited=\u00bboff|desktop\u00bb src__hover_enabled=\u00bbon|desktop\u00bb src=\u00bbhttps:\/\/www.youtube.com\/watch?v=1E_gdTMkqn0&#038;t=2s\u00bb sticky_enabled=\u00bb0&#8243; src_tablet=\u00bbhttps:\/\/www.youtube.com\/watch?v=1E_gdTMkqn0&#038;t=2s\u00bb src_phone=\u00bbhttps:\/\/www.youtube.com\/watch?v=1E_gdTMkqn0&#038;t=2s\u00bb src__hover=\u00bbhttps:\/\/www.youtube.com\/watch?v=1E_gdTMkqn0&#038;t=2s\u00bb][\/et_pb_video][et_pb_video _builder_version=\u00bb4.14.7&#8243; _module_preset=\u00bbdefault\u00bb hover_enabled=\u00bb0&#8243; global_colors_info=\u00bb{}\u00bb src_last_edited=\u00bboff|desktop\u00bb src_webm_last_edited=\u00bboff|desktop\u00bb src__hover_enabled=\u00bbon|desktop\u00bb sticky_enabled=\u00bb0&#8243;][\/et_pb_video][et_pb_divider _builder_version=\u00bb4.10.5&#8243; _module_preset=\u00bbdefault\u00bb global_colors_info=\u00bb{}\u00bb][\/et_pb_divider][\/et_pb_column][\/et_pb_row][et_pb_row _builder_version=\u00bb4.10.5&#8243; _module_preset=\u00bbdefault\u00bb global_colors_info=\u00bb{}\u00bb][et_pb_column type=\u00bb4_4&#8243; _builder_version=\u00bb4.10.5&#8243; _module_preset=\u00bbdefault\u00bb global_colors_info=\u00bb{}\u00bb][et_pb_text _builder_version=\u00bb4.14.7&#8243; _module_preset=\u00bbdefault\u00bb hover_enabled=\u00bb0&#8243; global_colors_info=\u00bb{}\u00bb custom_padding=\u00bb||8px|||\u00bb sticky_enabled=\u00bb0&#8243;]<\/p>\n<h4><span>En este video, te mostramos las principales <strong>plataformas para utilizar en tu b\u00fasqueda de trabajo<\/strong>: 1. SEFCARM 2. Infojobs 3. Interdomicilio<\/span><\/h4>\n<p>[\/et_pb_text][et_pb_video _builder_version=\u00bb4.14.7&#8243; _module_preset=\u00bbdefault\u00bb hover_enabled=\u00bb0&#8243; global_colors_info=\u00bb{}\u00bb src_last_edited=\u00bbon|desktop\u00bb src_webm_tablet=\u00bb\u00bb src_webm_phone=\u00bb\u00bb src_webm_last_edited=\u00bbon|desktop\u00bb src__hover_enabled=\u00bbon|desktop\u00bb src=\u00bbhttps:\/\/www.youtube.com\/watch?v=CiYL3CaR6uA&#038;t=315s\u00bb sticky_enabled=\u00bb0&#8243; src_tablet=\u00bbhttps:\/\/www.youtube.com\/watch?v=CiYL3CaR6uA&#038;t=315s\u00bb src_phone=\u00bbhttps:\/\/www.youtube.com\/watch?v=CiYL3CaR6uA&#038;t=315s\u00bb src__hover=\u00bbhttps:\/\/www.youtube.com\/watch?v=CiYL3CaR6uA&#038;t=315s\u00bb][\/et_pb_video][et_pb_divider _builder_version=\u00bb4.10.5&#8243; _module_preset=\u00bbdefault\u00bb global_colors_info=\u00bb{}\u00bb][\/et_pb_divider][\/et_pb_column][\/et_pb_row][et_pb_row _builder_version=\u00bb4.10.5&#8243; _module_preset=\u00bbdefault\u00bb global_colors_info=\u00bb{}\u00bb][et_pb_column type=\u00bb4_4&#8243; _builder_version=\u00bb4.10.5&#8243; _module_preset=\u00bbdefault\u00bb global_colors_info=\u00bb{}\u00bb][et_pb_text _builder_version=\u00bb4.14.7&#8243; _module_preset=\u00bbdefault\u00bb hover_enabled=\u00bb0&#8243; global_colors_info=\u00bb{}\u00bb custom_padding=\u00bb||8px|||\u00bb sticky_enabled=\u00bb0&#8243;]<\/p>\n<h4><span>En este video aprender\u00e1s acerca de la<strong> presentaci\u00f3n de una candidatura espont\u00e1nea<\/strong> dentro del proceso de <strong>b\u00fasqueda de empleo activo.<\/strong><\/span><\/h4>\n<p>[\/et_pb_text][et_pb_video _builder_version=\u00bb4.14.7&#8243; _module_preset=\u00bbdefault\u00bb hover_enabled=\u00bb0&#8243; global_colors_info=\u00bb{}\u00bb src_last_edited=\u00bbon|desktop\u00bb src_webm_tablet=\u00bb\u00bb src_webm_phone=\u00bb\u00bb src_webm_last_edited=\u00bbon|desktop\u00bb src__hover_enabled=\u00bbon|desktop\u00bb src=\u00bbhttps:\/\/www.youtube.com\/watch?v=PD7Hh5s10GI&#038;t=39s\u00bb sticky_enabled=\u00bb0&#8243; src_tablet=\u00bbhttps:\/\/www.youtube.com\/watch?v=PD7Hh5s10GI&#038;t=39s\u00bb src_phone=\u00bbhttps:\/\/www.youtube.com\/watch?v=PD7Hh5s10GI&#038;t=39s\u00bb src__hover=\u00bbhttps:\/\/www.youtube.com\/watch?v=PD7Hh5s10GI&#038;t=39s\u00bb][\/et_pb_video][et_pb_divider _builder_version=\u00bb4.10.5&#8243; _module_preset=\u00bbdefault\u00bb global_colors_info=\u00bb{}\u00bb][\/et_pb_divider][\/et_pb_column][\/et_pb_row][et_pb_row _builder_version=\u00bb4.10.5&#8243; _module_preset=\u00bbdefault\u00bb global_colors_info=\u00bb{}\u00bb][et_pb_column type=\u00bb4_4&#8243; _builder_version=\u00bb4.10.5&#8243; _module_preset=\u00bbdefault\u00bb global_colors_info=\u00bb{}\u00bb][et_pb_text _builder_version=\u00bb4.10.5&#8243; _module_preset=\u00bbdefault\u00bb global_colors_info=\u00bb{}\u00bb]<\/p>\n<h4><span>V\u00eddeo tutorial a cargo de Gabriela Sessa sobre la<strong> Creaci\u00f3n de una cuenta de correo electr\u00f3nico<\/strong><\/span><\/h4>\n<p>[\/et_pb_text][et_pb_video src=\u00bbhttps:\/\/www.youtube.com\/watch?v=XkUmoETbO1M\u00bb _builder_version=\u00bb4.10.5&#8243; _module_preset=\u00bbdefault\u00bb global_colors_info=\u00bb{}\u00bb][\/et_pb_video][et_pb_divider _builder_version=\u00bb4.10.5&#8243; _module_preset=\u00bbdefault\u00bb global_colors_info=\u00bb{}\u00bb][\/et_pb_divider][\/et_pb_column][\/et_pb_row][et_pb_row _builder_version=\u00bb4.10.5&#8243; _module_preset=\u00bbdefault\u00bb global_colors_info=\u00bb{}\u00bb][et_pb_column type=\u00bb4_4&#8243; _builder_version=\u00bb4.10.5&#8243; _module_preset=\u00bbdefault\u00bb global_colors_info=\u00bb{}\u00bb][et_pb_text _builder_version=\u00bb4.10.5&#8243; _module_preset=\u00bbdefault\u00bb global_colors_info=\u00bb{}\u00bb]<\/p>\n<h4><span style=\"line-height: 1.7rem;\">V\u00eddeo tutorial a cargo de Gabriela Sessa sobre la <strong>utilizaci\u00f3n del correo electr\u00f3nico para la b\u00fasqueda de empleo y la presentaci\u00f3n de una candidatura espont\u00e1nea a una empresa<\/strong>.<\/span><\/h4>\n<p>[\/et_pb_text][et_pb_video src=\u00bbhttps:\/\/youtu.be\/ILLY4-BELrA\u00bb _builder_version=\u00bb4.10.5&#8243; _module_preset=\u00bbdefault\u00bb global_colors_info=\u00bb{}\u00bb][\/et_pb_video][et_pb_divider _builder_version=\u00bb4.10.5&#8243; _module_preset=\u00bbdefault\u00bb global_colors_info=\u00bb{}\u00bb][\/et_pb_divider][\/et_pb_column][\/et_pb_row][et_pb_row _builder_version=\u00bb4.10.5&#8243; _module_preset=\u00bbdefault\u00bb global_colors_info=\u00bb{}\u00bb][et_pb_column type=\u00bb4_4&#8243; _builder_version=\u00bb4.10.5&#8243; _module_preset=\u00bbdefault\u00bb global_colors_info=\u00bb{}\u00bb][et_pb_text _builder_version=\u00bb4.10.5&#8243; _module_preset=\u00bbdefault\u00bb global_colors_info=\u00bb{}\u00bb]<\/p>\n<h4><span style=\"line-height: 1.7rem;\">V\u00eddeo tutorial a cargo de Gabriela Sessa sobre el<strong> registro y la b\u00fasqueda e inscripci\u00f3n a ofertas de empleo en el portal SEFCARM<\/strong> (<a href=\"https:\/\/sefcarm.es\" target=\"_blank\" rel=\"noopener\">www.sefcarm.es<\/a>).<\/span><\/h4>\n<p>[\/et_pb_text][et_pb_video src=\u00bbhttps:\/\/youtu.be\/FAPPbMyU42w\u00bb _builder_version=\u00bb4.10.5&#8243; _module_preset=\u00bbdefault\u00bb global_colors_info=\u00bb{}\u00bb][\/et_pb_video][et_pb_divider _builder_version=\u00bb4.10.5&#8243; _module_preset=\u00bbdefault\u00bb global_colors_info=\u00bb{}\u00bb][\/et_pb_divider][\/et_pb_column][\/et_pb_row][et_pb_row _builder_version=\u00bb4.10.5&#8243; _module_preset=\u00bbdefault\u00bb global_colors_info=\u00bb{}\u00bb][et_pb_column type=\u00bb4_4&#8243; _builder_version=\u00bb4.10.5&#8243; _module_preset=\u00bbdefault\u00bb global_colors_info=\u00bb{}\u00bb][\/et_pb_column][\/et_pb_row][\/et_pb_section]<\/p>\n","protected":false},"excerpt":{"rendered":"<p>En nuestros v\u00eddeos sobre \u201cRecursos digitales para la b\u00fasqueda de empleo\u201d te mostramos c\u00f3mo dar tus primeros pasos en Internet, gestionar una cuenta de correo o presentar una candidatura espont\u00e1nea para conseguir trabajo.En este video, aprender\u00e1s la c\u00f3mo crear y personalizar tu Curriculum Vitae (CV) con Microsoft Word y conocer\u00e1s algunos consejos b\u00e1sicos para aumentar [&hellip;]<\/p>\n","protected":false},"author":1,"featured_media":0,"parent":0,"menu_order":0,"comment_status":"closed","ping_status":"closed","template":"","meta":{"_et_pb_use_builder":"on","_et_pb_old_content":"","_et_gb_content_width":"","footnotes":""},"class_list":["post-390","page","type-page","status-publish","hentry"],"_links":{"self":[{"href":"https:\/\/www.fundacionfade.org\/mujeresconectadas\/wp-json\/wp\/v2\/pages\/390","targetHints":{"allow":["GET"]}}],"collection":[{"href":"https:\/\/www.fundacionfade.org\/mujeresconectadas\/wp-json\/wp\/v2\/pages"}],"about":[{"href":"https:\/\/www.fundacionfade.org\/mujeresconectadas\/wp-json\/wp\/v2\/types\/page"}],"author":[{"embeddable":true,"href":"https:\/\/www.fundacionfade.org\/mujeresconectadas\/wp-json\/wp\/v2\/users\/1"}],"replies":[{"embeddable":true,"href":"https:\/\/www.fundacionfade.org\/mujeresconectadas\/wp-json\/wp\/v2\/comments?post=390"}],"version-history":[{"count":13,"href":"https:\/\/www.fundacionfade.org\/mujeresconectadas\/wp-json\/wp\/v2\/pages\/390\/revisions"}],"predecessor-version":[{"id":584,"href":"https:\/\/www.fundacionfade.org\/mujeresconectadas\/wp-json\/wp\/v2\/pages\/390\/revisions\/584"}],"wp:attachment":[{"href":"https:\/\/www.fundacionfade.org\/mujeresconectadas\/wp-json\/wp\/v2\/media?parent=390"}],"curies":[{"name":"wp","href":"https:\/\/api.w.org\/{rel}","templated":true}]}}